{"id":13205,"date":"2020-06-27T23:00:07","date_gmt":"2020-06-27T23:00:07","guid":{"rendered":"http:\/\/www.tascatierrasdelsur.com\/?page_id=13205"},"modified":"2020-06-27T23:06:33","modified_gmt":"2020-06-27T23:06:33","slug":"ueber-uns","status":"publish","type":"page","link":"https:\/\/www.tascatierrasdelsur.com\/de\/ueber-uns\/","title":{"rendered":"\u00dcber uns"},"content":{"rendered":"<div class=\"sc_blockquote\">\n<blockquote><p>Leidenschaft sind die Menschen. Menschen, die lieben, was sie tun, und daraus pers\u00f3nliche Freude sch\u00f6pfen. Leidenschaft ist, was sie von den Menschen, die ihre Bestellung entgegennehmen und Ihre Mahlzeit zubereiten, erwarten k\u00f6nnen.<\/p><\/blockquote>\n<\/div>\n<div class=\"span6\">\n<p style=\"text-align: justify;\"><img loading=\"lazy\" decoding=\"async\" class=\"alignleft wp-image-2901 size-medium\" src=\"http:\/\/www.tascatierrasdelsur.com\/wp-content\/uploads\/2020\/06\/equipo-216x300-1.jpg\" alt=\"equipo\" width=\"216\" height=\"300\" \/>Astrid Oheim, Eigent\u00fcmerin der Tasca und f\u00fcr die K\u00fcche zust\u00e4ndig lebt seit 1995 auf Teneriffa\u00a0und ist, wie die Einheimischen betonen, \u201ckanarischer als der Gofio\u201d.<\/p>\n<div>\n<p style=\"text-align: justify;\">In den von ihr zubereiteten Gerichten spiegelt sich ihre Liebe zur K\u00fcche wieder, die ihr von ihrer Mutter\u00a0vererbt wurde.<\/p>\n<p style=\"text-align: justify;\">Mit den frischen und zum grossen Teil \u00f6kologischen Produkten der Insel bereitet sie sowohl<br \/>\ntypisch kanarische Gerichte nach alten, \u00fcberlieferten Rezepten zu, als auch kreative Gaumenfreuden mit ihrer unverkennbaren pers\u00f6nlichen Note.<\/p>\n<\/div>\n<\/div>\n<div class=\"span6 last\">\n<p style=\"text-align: justify;\"><img loading=\"lazy\" decoding=\"async\" class=\"alignright wp-image-2901 size-medium\" src=\"http:\/\/www.tascatierrasdelsur.com\/wp-content\/uploads\/2020\/06\/gato-200x300-1.jpg\" alt=\"gato\" width=\"200\" height=\"300\" \/>\u00a0Im Restaurant legen wir grossen Wert auf die sehr pers\u00f6nliche Bedienung des Gastes.\u00a0V\u00edctor ber\u00e4t Sie gerne bei der Auswahl der Speisen und Weine, Sie sollen sich bei uns wie\u00a0zu Hause f\u00fchlen.<\/p>\n<p style=\"text-align: justify;\">Unsere Leidenschaft ist Sie zu verw\u00f6hnen!<\/p>\n<p style=\"text-align: justify;\">Selbstverst\u00e4ndlich k\u00f6nnen wir nicht umhin, Ihnen unseren Talisman vorzustellen, einfach\u00a0\u201cdie Katze\u201d genannt. Es handelt sich um ein Stofftier, welches seit der Er\u00f6ffnung der Tasca\u00a0Teil der Dekoration ist und uns zu allen gastronomischen Veranstaltungen begleitet.<\/p>\n<\/div>\n<div class=\"clearfix\"><\/div>\n","protected":false},"excerpt":{"rendered":"<p>Leidenschaft sind die Menschen. Menschen, die lieben, was sie tun, und daraus pers\u00f3nliche Freude sch\u00f6pfen. Leidenschaft ist, was sie von den Menschen, die ihre Bestellung entgegennehmen und Ihre Mahlzeit zubereiten, erwarten k\u00f6nnen. Astrid Oheim, Eigent\u00fcmerin der Tasca und f\u00fcr die K\u00fcche zust\u00e4ndig lebt seit 1995 auf Teneriffa\u00a0und ist, wie die Einheimischen betonen, \u201ckanarischer als der Gofio\u201d. In den von ihr zubereiteten Gerichten spiegelt sich ihre Liebe zur K\u00fcche wieder, die ihr von ihrer Mutter\u00a0vererbt wurde. Mit den frischen und zum grossen Teil \u00f6kologischen Produkten der Insel bereitet sie sowohl typisch kanarische Gerichte nach alten, \u00fcberlieferten Rezepten zu, als auch kreative Gaumenfreuden mit ihrer unverkennbaren pers\u00f6nlichen Note. \u00a0Im Restaurant legen wir grossen Wert auf die sehr pers\u00f6nliche Bedienung des Gastes.\u00a0V\u00edctor ber\u00e4t Sie gerne bei der Auswahl der Speisen und Weine, Sie sollen sich bei uns wie\u00a0zu Hause f\u00fchlen. Unsere Leidenschaft ist Sie zu verw\u00f6hnen! Selbstverst\u00e4ndlich k\u00f6nnen wir nicht umhin, Ihnen unseren Talisman vorzustellen, einfach\u00a0\u201cdie Katze\u201d genannt. Es handelt sich um ein Stofftier, welches seit der Er\u00f6ffnung der Tasca\u00a0Teil der Dekoration ist und uns zu allen gastronomischen Veranstaltungen begleitet.<\/p>\n","protected":false},"author":1,"featured_media":0,"parent":0,"menu_order":0,"comment_status":"closed","ping_status":"closed","template":"","meta":{"footnotes":""},"yoast_head":"<!-- This site is optimized with the Yoast SEO plugin v23.5 - https:\/\/yoast.com\/wordpress\/plugins\/seo\/ -->\n<title>\u00dcber uns - Tasca Tierras del Sur<\/title>\n<meta name=\"robots\" content=\"index, follow, max-snippet:-1, max-image-preview:large, max-video-preview:-1\" \/>\n<link rel=\"canonical\" href=\"https:\/\/www.tascatierrasdelsur.com\/de\/ueber-uns\/\" \/>\n<meta property=\"og:locale\" content=\"de_DE\" \/>\n<meta property=\"og:type\" content=\"article\" \/>\n<meta property=\"og:title\" content=\"\u00dcber uns - Tasca Tierras del Sur\" \/>\n<meta property=\"og:description\" content=\"Leidenschaft sind die Menschen. Menschen, die lieben, was sie tun, und daraus pers\u00f3nliche Freude sch\u00f6pfen. Leidenschaft ist, was sie von den Menschen, die ihre Bestellung entgegennehmen und Ihre Mahlzeit zubereiten, erwarten k\u00f6nnen. Astrid Oheim, Eigent\u00fcmerin der Tasca und f\u00fcr die K\u00fcche zust\u00e4ndig lebt seit 1995 auf Teneriffa\u00a0und ist, wie die Einheimischen betonen, \u201ckanarischer als der Gofio\u201d. In den von ihr zubereiteten Gerichten spiegelt sich ihre Liebe zur K\u00fcche wieder, die ihr von ihrer Mutter\u00a0vererbt wurde. Mit den frischen und zum grossen Teil \u00f6kologischen Produkten der Insel bereitet sie sowohl typisch kanarische Gerichte nach alten, \u00fcberlieferten Rezepten zu, als auch kreative Gaumenfreuden mit ihrer unverkennbaren pers\u00f6nlichen Note. \u00a0Im Restaurant legen wir grossen Wert auf die sehr pers\u00f6nliche Bedienung des Gastes.\u00a0V\u00edctor ber\u00e4t Sie gerne bei der Auswahl der Speisen und Weine, Sie sollen sich bei uns wie\u00a0zu Hause f\u00fchlen. Unsere Leidenschaft ist Sie zu verw\u00f6hnen! Selbstverst\u00e4ndlich k\u00f6nnen wir nicht umhin, Ihnen unseren Talisman vorzustellen, einfach\u00a0\u201cdie Katze\u201d genannt. Es handelt sich um ein Stofftier, welches seit der Er\u00f6ffnung der Tasca\u00a0Teil der Dekoration ist und uns zu allen gastronomischen Veranstaltungen begleitet.\" \/>\n<meta property=\"og:url\" content=\"https:\/\/www.tascatierrasdelsur.com\/de\/ueber-uns\/\" \/>\n<meta property=\"og:site_name\" content=\"Tasca Tierras del Sur\" \/>\n<meta property=\"article:publisher\" content=\"https:\/\/www.facebook.com\/tascatierrasdelsur\" \/>\n<meta property=\"article:modified_time\" content=\"2020-06-27T23:06:33+00:00\" \/>\n<meta property=\"og:image\" content=\"http:\/\/www.tascatierrasdelsur.com\/wp-content\/uploads\/2020\/06\/equipo-216x300-1.jpg\" \/>\n<meta name=\"twitter:card\" content=\"summary_large_image\" \/>\n<meta name=\"twitter:label1\" content=\"Est. reading time\" \/>\n\t<meta name=\"twitter:data1\" content=\"1 minute\" \/>\n<script type=\"application\/ld+json\" class=\"yoast-schema-graph\">{\"@context\":\"https:\/\/schema.org\",\"@graph\":[{\"@type\":\"WebPage\",\"@id\":\"https:\/\/www.tascatierrasdelsur.com\/de\/ueber-uns\/\",\"url\":\"https:\/\/www.tascatierrasdelsur.com\/de\/ueber-uns\/\",\"name\":\"\u00dcber uns - Tasca Tierras del Sur\",\"isPartOf\":{\"@id\":\"https:\/\/www.tascatierrasdelsur.com\/de\/#website\"},\"primaryImageOfPage\":{\"@id\":\"https:\/\/www.tascatierrasdelsur.com\/de\/ueber-uns\/#primaryimage\"},\"image\":{\"@id\":\"https:\/\/www.tascatierrasdelsur.com\/de\/ueber-uns\/#primaryimage\"},\"thumbnailUrl\":\"http:\/\/www.tascatierrasdelsur.com\/wp-content\/uploads\/2020\/06\/equipo-216x300-1.jpg\",\"datePublished\":\"2020-06-27T23:00:07+00:00\",\"dateModified\":\"2020-06-27T23:06:33+00:00\",\"breadcrumb\":{\"@id\":\"https:\/\/www.tascatierrasdelsur.com\/de\/ueber-uns\/#breadcrumb\"},\"inLanguage\":\"de-DE\",\"potentialAction\":[{\"@type\":\"ReadAction\",\"target\":[\"https:\/\/www.tascatierrasdelsur.com\/de\/ueber-uns\/\"]}]},{\"@type\":\"ImageObject\",\"inLanguage\":\"de-DE\",\"@id\":\"https:\/\/www.tascatierrasdelsur.com\/de\/ueber-uns\/#primaryimage\",\"url\":\"http:\/\/www.tascatierrasdelsur.com\/wp-content\/uploads\/2020\/06\/equipo-216x300-1.jpg\",\"contentUrl\":\"http:\/\/www.tascatierrasdelsur.com\/wp-content\/uploads\/2020\/06\/equipo-216x300-1.jpg\"},{\"@type\":\"BreadcrumbList\",\"@id\":\"https:\/\/www.tascatierrasdelsur.com\/de\/ueber-uns\/#breadcrumb\",\"itemListElement\":[{\"@type\":\"ListItem\",\"position\":1,\"name\":\"Portada\",\"item\":\"https:\/\/www.tascatierrasdelsur.com\/de\/\"},{\"@type\":\"ListItem\",\"position\":2,\"name\":\"\u00dcber uns\"}]},{\"@type\":\"WebSite\",\"@id\":\"https:\/\/www.tascatierrasdelsur.com\/de\/#website\",\"url\":\"https:\/\/www.tascatierrasdelsur.com\/de\/\",\"name\":\"Tasca Tierras del Sur\",\"description\":\"Granadilla\",\"publisher\":{\"@id\":\"https:\/\/www.tascatierrasdelsur.com\/de\/#organization\"},\"potentialAction\":[{\"@type\":\"SearchAction\",\"target\":{\"@type\":\"EntryPoint\",\"urlTemplate\":\"https:\/\/www.tascatierrasdelsur.com\/de\/?s={search_term_string}\"},\"query-input\":{\"@type\":\"PropertyValueSpecification\",\"valueRequired\":true,\"valueName\":\"search_term_string\"}}],\"inLanguage\":\"de-DE\"},{\"@type\":\"Organization\",\"@id\":\"https:\/\/www.tascatierrasdelsur.com\/de\/#organization\",\"name\":\"Tasca Tierras Del Sur\",\"url\":\"https:\/\/www.tascatierrasdelsur.com\/de\/\",\"logo\":{\"@type\":\"ImageObject\",\"inLanguage\":\"de-DE\",\"@id\":\"https:\/\/www.tascatierrasdelsur.com\/de\/#\/schema\/logo\/image\/\",\"url\":\"https:\/\/www.tascatierrasdelsur.com\/wp-content\/uploads\/2020\/06\/logo-new4.png\",\"contentUrl\":\"https:\/\/www.tascatierrasdelsur.com\/wp-content\/uploads\/2020\/06\/logo-new4.png\",\"width\":240,\"height\":107,\"caption\":\"Tasca Tierras Del Sur\"},\"image\":{\"@id\":\"https:\/\/www.tascatierrasdelsur.com\/de\/#\/schema\/logo\/image\/\"},\"sameAs\":[\"https:\/\/www.facebook.com\/tascatierrasdelsur\"]}]}<\/script>\n<!-- \/ Yoast SEO plugin. -->","yoast_head_json":{"title":"\u00dcber uns - Tasca Tierras del Sur","robots":{"index":"index","follow":"follow","max-snippet":"max-snippet:-1","max-image-preview":"max-image-preview:large","max-video-preview":"max-video-preview:-1"},"canonical":"https:\/\/www.tascatierrasdelsur.com\/de\/ueber-uns\/","og_locale":"de_DE","og_type":"article","og_title":"\u00dcber uns - Tasca Tierras del Sur","og_description":"Leidenschaft sind die Menschen. Menschen, die lieben, was sie tun, und daraus pers\u00f3nliche Freude sch\u00f6pfen. Leidenschaft ist, was sie von den Menschen, die ihre Bestellung entgegennehmen und Ihre Mahlzeit zubereiten, erwarten k\u00f6nnen. Astrid Oheim, Eigent\u00fcmerin der Tasca und f\u00fcr die K\u00fcche zust\u00e4ndig lebt seit 1995 auf Teneriffa\u00a0und ist, wie die Einheimischen betonen, \u201ckanarischer als der Gofio\u201d. In den von ihr zubereiteten Gerichten spiegelt sich ihre Liebe zur K\u00fcche wieder, die ihr von ihrer Mutter\u00a0vererbt wurde. Mit den frischen und zum grossen Teil \u00f6kologischen Produkten der Insel bereitet sie sowohl typisch kanarische Gerichte nach alten, \u00fcberlieferten Rezepten zu, als auch kreative Gaumenfreuden mit ihrer unverkennbaren pers\u00f6nlichen Note. \u00a0Im Restaurant legen wir grossen Wert auf die sehr pers\u00f6nliche Bedienung des Gastes.\u00a0V\u00edctor ber\u00e4t Sie gerne bei der Auswahl der Speisen und Weine, Sie sollen sich bei uns wie\u00a0zu Hause f\u00fchlen. Unsere Leidenschaft ist Sie zu verw\u00f6hnen! Selbstverst\u00e4ndlich k\u00f6nnen wir nicht umhin, Ihnen unseren Talisman vorzustellen, einfach\u00a0\u201cdie Katze\u201d genannt. Es handelt sich um ein Stofftier, welches seit der Er\u00f6ffnung der Tasca\u00a0Teil der Dekoration ist und uns zu allen gastronomischen Veranstaltungen begleitet.","og_url":"https:\/\/www.tascatierrasdelsur.com\/de\/ueber-uns\/","og_site_name":"Tasca Tierras del Sur","article_publisher":"https:\/\/www.facebook.com\/tascatierrasdelsur","article_modified_time":"2020-06-27T23:06:33+00:00","og_image":[{"url":"http:\/\/www.tascatierrasdelsur.com\/wp-content\/uploads\/2020\/06\/equipo-216x300-1.jpg"}],"twitter_card":"summary_large_image","twitter_misc":{"Est. reading time":"1 minute"},"schema":{"@context":"https:\/\/schema.org","@graph":[{"@type":"WebPage","@id":"https:\/\/www.tascatierrasdelsur.com\/de\/ueber-uns\/","url":"https:\/\/www.tascatierrasdelsur.com\/de\/ueber-uns\/","name":"\u00dcber uns - Tasca Tierras del Sur","isPartOf":{"@id":"https:\/\/www.tascatierrasdelsur.com\/de\/#website"},"primaryImageOfPage":{"@id":"https:\/\/www.tascatierrasdelsur.com\/de\/ueber-uns\/#primaryimage"},"image":{"@id":"https:\/\/www.tascatierrasdelsur.com\/de\/ueber-uns\/#primaryimage"},"thumbnailUrl":"http:\/\/www.tascatierrasdelsur.com\/wp-content\/uploads\/2020\/06\/equipo-216x300-1.jpg","datePublished":"2020-06-27T23:00:07+00:00","dateModified":"2020-06-27T23:06:33+00:00","breadcrumb":{"@id":"https:\/\/www.tascatierrasdelsur.com\/de\/ueber-uns\/#breadcrumb"},"inLanguage":"de-DE","potentialAction":[{"@type":"ReadAction","target":["https:\/\/www.tascatierrasdelsur.com\/de\/ueber-uns\/"]}]},{"@type":"ImageObject","inLanguage":"de-DE","@id":"https:\/\/www.tascatierrasdelsur.com\/de\/ueber-uns\/#primaryimage","url":"http:\/\/www.tascatierrasdelsur.com\/wp-content\/uploads\/2020\/06\/equipo-216x300-1.jpg","contentUrl":"http:\/\/www.tascatierrasdelsur.com\/wp-content\/uploads\/2020\/06\/equipo-216x300-1.jpg"},{"@type":"BreadcrumbList","@id":"https:\/\/www.tascatierrasdelsur.com\/de\/ueber-uns\/#breadcrumb","itemListElement":[{"@type":"ListItem","position":1,"name":"Portada","item":"https:\/\/www.tascatierrasdelsur.com\/de\/"},{"@type":"ListItem","position":2,"name":"\u00dcber uns"}]},{"@type":"WebSite","@id":"https:\/\/www.tascatierrasdelsur.com\/de\/#website","url":"https:\/\/www.tascatierrasdelsur.com\/de\/","name":"Tasca Tierras del Sur","description":"Granadilla","publisher":{"@id":"https:\/\/www.tascatierrasdelsur.com\/de\/#organization"},"potentialAction":[{"@type":"SearchAction","target":{"@type":"EntryPoint","urlTemplate":"https:\/\/www.tascatierrasdelsur.com\/de\/?s={search_term_string}"},"query-input":{"@type":"PropertyValueSpecification","valueRequired":true,"valueName":"search_term_string"}}],"inLanguage":"de-DE"},{"@type":"Organization","@id":"https:\/\/www.tascatierrasdelsur.com\/de\/#organization","name":"Tasca Tierras Del Sur","url":"https:\/\/www.tascatierrasdelsur.com\/de\/","logo":{"@type":"ImageObject","inLanguage":"de-DE","@id":"https:\/\/www.tascatierrasdelsur.com\/de\/#\/schema\/logo\/image\/","url":"https:\/\/www.tascatierrasdelsur.com\/wp-content\/uploads\/2020\/06\/logo-new4.png","contentUrl":"https:\/\/www.tascatierrasdelsur.com\/wp-content\/uploads\/2020\/06\/logo-new4.png","width":240,"height":107,"caption":"Tasca Tierras Del Sur"},"image":{"@id":"https:\/\/www.tascatierrasdelsur.com\/de\/#\/schema\/logo\/image\/"},"sameAs":["https:\/\/www.facebook.com\/tascatierrasdelsur"]}]}},"_links":{"self":[{"href":"https:\/\/www.tascatierrasdelsur.com\/de\/wp-json\/wp\/v2\/pages\/13205"}],"collection":[{"href":"https:\/\/www.tascatierrasdelsur.com\/de\/wp-json\/wp\/v2\/pages"}],"about":[{"href":"https:\/\/www.tascatierrasdelsur.com\/de\/wp-json\/wp\/v2\/types\/page"}],"author":[{"embeddable":true,"href":"https:\/\/www.tascatierrasdelsur.com\/de\/wp-json\/wp\/v2\/users\/1"}],"replies":[{"embeddable":true,"href":"https:\/\/www.tascatierrasdelsur.com\/de\/wp-json\/wp\/v2\/comments?post=13205"}],"version-history":[{"count":3,"href":"https:\/\/www.tascatierrasdelsur.com\/de\/wp-json\/wp\/v2\/pages\/13205\/revisions"}],"predecessor-version":[{"id":13400,"href":"https:\/\/www.tascatierrasdelsur.com\/de\/wp-json\/wp\/v2\/pages\/13205\/revisions\/13400"}],"wp:attachment":[{"href":"https:\/\/www.tascatierrasdelsur.com\/de\/wp-json\/wp\/v2\/media?parent=13205"}],"curies":[{"name":"wp","href":"https:\/\/api.w.org\/{rel}","templated":true}]}}